{"id":16,"date":"2024-04-12T10:24:38","date_gmt":"2024-04-12T10:24:38","guid":{"rendered":"https:\/\/adelaine.de\/?page_id=16"},"modified":"2024-04-12T11:49:08","modified_gmt":"2024-04-12T11:49:08","slug":"podologie-trebsdorf","status":"publish","type":"page","link":"https:\/\/adelaine.de\/","title":{"rendered":"Willkommen in der Fachpraxis f\u00fcr Podologie und medizinische Fu\u00dfpflege in Detmold \u2013 Heiligenkirchen."},"content":{"rendered":"\n<p>Seit 2017 hat sich die podologische Praxis von Melanie Trebsdorf und ihrem Team etabliert und widmet sich der medizinischen Fu\u00dfpflege sowie der Behandlung erkrankter F\u00fc\u00dfe.<\/p>\n\n\n\n<figure class=\"wp-block-image aligncenter size-large\"><img loading=\"lazy\" decoding=\"async\" width=\"1024\" height=\"667\" src=\"https:\/\/adelaine.de\/ceewhyfu\/2024\/04\/podologie-trebsdorf-1024x667.jpg\" alt=\"\" class=\"wp-image-23\" style=\"object-fit:cover\" srcset=\"https:\/\/adelaine.de\/ceewhyfu\/2024\/04\/podologie-trebsdorf-1024x667.jpg 1024w, https:\/\/adelaine.de\/ceewhyfu\/2024\/04\/podologie-trebsdorf-300x195.jpg 300w, https:\/\/adelaine.de\/ceewhyfu\/2024\/04\/podologie-trebsdorf-768x500.jpg 768w, https:\/\/adelaine.de\/ceewhyfu\/2024\/04\/podologie-trebsdorf-1536x1000.jpg 1536w, https:\/\/adelaine.de\/ceewhyfu\/2024\/04\/podologie-trebsdorf.jpg 1920w\" sizes=\"auto, (max-width: 1024px) 100vw, 1024px\" \/><\/figure>\n\n\n\n<p>Das Behandlungsspektrum der Podologie ist sehr vielschichtig und umfasst neben der Behandlung von Patienten mit Diabetes und der podologischen Komplextherapie auch das fachgerechte Entfernen von Hornhaut, Schwielen und schmerzenden H\u00fchneraugen, das Abtragen von Fu\u00dfwarzen, Abschleifen von verdickten N\u00e4geln zum Beispiel bei einer Nagelpilzinfektion sowie therapeutische Ma\u00dfnahmen bei eingewachsenen N\u00e4geln mit Nagelkorrekturspangen oder Nagelfalztamponaden um nur einige Schwerpunkte zu nennen.<\/p>\n\n\n\n<p>In unseren neuen, modernisierten Praxisr\u00e4umen kommen ausschlie\u00dflich Medizinprodukte zum Einsatz, und das Thema \u201eHygiene\u201c ist entscheidend f\u00fcr unsere professionelle Arbeit. Daher werden in unserer Praxis s\u00e4mtliche Instrumente desinfiziert und verpackt sterilisiert. Regelm\u00e4\u00dfige Kontrollen vom Gesundheitsamt best\u00e4tigen das Einhalten von strengen Richtlinien.<\/p>\n\n\n\n<figure class=\"wp-block-image aligncenter size-large\"><img loading=\"lazy\" decoding=\"async\" width=\"1024\" height=\"683\" src=\"https:\/\/adelaine.de\/ceewhyfu\/2024\/04\/fusspflege-detmold-heiligenkirchen-1024x683.jpg\" alt=\"\" class=\"wp-image-26\" style=\"object-fit:cover\" srcset=\"https:\/\/adelaine.de\/ceewhyfu\/2024\/04\/fusspflege-detmold-heiligenkirchen-1024x683.jpg 1024w, https:\/\/adelaine.de\/ceewhyfu\/2024\/04\/fusspflege-detmold-heiligenkirchen-300x200.jpg 300w, https:\/\/adelaine.de\/ceewhyfu\/2024\/04\/fusspflege-detmold-heiligenkirchen-768x512.jpg 768w, https:\/\/adelaine.de\/ceewhyfu\/2024\/04\/fusspflege-detmold-heiligenkirchen-1536x1024.jpg 1536w, https:\/\/adelaine.de\/ceewhyfu\/2024\/04\/fusspflege-detmold-heiligenkirchen.jpg 1920w\" sizes=\"auto, (max-width: 1024px) 100vw, 1024px\" \/><\/figure>\n\n\n\n<p>Unsere 3 modernen Behandlungsr\u00e4ume sind technisch hochwertig ausgestattet, so dass wir mit Nass- oder Trockentechnik individuell behandeln k\u00f6nnen. Die bequemen Behandlungsst\u00fchle und ein individuelles Farbkonzept der einzelnen R\u00e4ume laden au\u00dferdem zum Wohlf\u00fchlen ein.<\/p>\n\n\n\n<p>Unser kompetentes Team der Fu\u00dfpflege, Melanie Trebsdorf und Sonja Schmitz freuen sich, Sie in unserer hellen und freundlichen Praxis in Detmold \u2013 Heiligenkirchen begr\u00fc\u00dfen zu d\u00fcrfen.<\/p>\n\n\n\n<h3 class=\"wp-block-heading\">Unsere Leistungen im \u00dcberblick<\/h3>\n\n\n\n<ul class=\"wp-block-list\">\n<li>Podologische Komplexbehandlung&nbsp;&nbsp;<\/li>\n\n\n\n<li>Hornhautabtragung &nbsp;<\/li>\n\n\n\n<li>Nagelbearbeitung&nbsp;<\/li>\n\n\n\n<li>Behandlung eingewachsener N\u00e4gel<\/li>\n\n\n\n<li>Nagelkorrekturspangen (Orthonexie)<\/li>\n\n\n\n<li>Fu\u00dfwarzenbehandlung (Verucca)<\/li>\n\n\n\n<li>H\u00fchneraugenentfernung (Clavi)<\/li>\n\n\n\n<li>Nagelpilzbehandlung<\/li>\n\n\n\n<li>Klassische Fu\u00dfmassage<\/li>\n\n\n\n<li>Diabetikerbehandlung auf Heilmittelverordnung<\/li>\n\n\n\n<li>Zulassung aller Krankenkassen<\/li>\n<\/ul>\n\n\n\n<h3 class=\"wp-block-heading\">So k\u00f6nnen Sie uns erreichen<\/h3>\n\n\n\n<p>Da wir auch Hausbesuche anbieten, k\u00f6nnen wir uns leider nicht durchgehend in der Praxis aufhalten.<\/p>\n\n\n\n<p><strong>Um einen Termin zu vereinbaren ist es daher am einfachsten uns unter:<\/strong><\/p>\n\n\n\n<p><strong>Telefon:&nbsp;<a href=\"tel:+495231870111\">05231 \/ 870111<\/a><\/strong><\/p>\n\n\n\n<p>anzurufen und eine kurze Nachricht auf dem Anrufbeantworter zu hinterlassen. Wir rufen Sie dann schnellstm\u00f6glich zur\u00fcck.<\/p>\n\n\n\n<p>Vielen Dank f\u00fcr Ihr Verst\u00e4ndnis.<\/p>\n\n\n\n<h3 class=\"wp-block-heading\">Hier finden Sie unsere Fachpraxis<\/h3>\n\n\n\n<p>Sie finden uns in 32760 Detmold \u2013 Heiligenkirchen, Hohler Weg 26 im ehemaligen Schlack-Haus.<\/p>\n","protected":false},"excerpt":{"rendered":"<p>Seit 2017 hat sich die podologische Praxis von Melanie Trebsdorf und ihrem Team etabliert und widmet sich der medizinischen Fu\u00dfpflege sowie der Behandlung erkrankter F\u00fc\u00dfe. Das Behandlungsspektrum der Podologie ist sehr vielschichtig und umfasst neben der Behandlung von Patienten mit Diabetes und der podologischen Komplextherapie auch das fachgerechte Entfernen von Hornhaut, Schwielen und schmerzenden H\u00fchneraugen, [&hellip;]<\/p>\n","protected":false},"author":1,"featured_media":0,"parent":0,"menu_order":0,"comment_status":"closed","ping_status":"closed","template":"","meta":{"footnotes":""},"class_list":["post-16","page","type-page","status-publish","hentry"],"_links":{"self":[{"href":"https:\/\/adelaine.de\/index.php\/wp-json\/wp\/v2\/pages\/16","targetHints":{"allow":["GET"]}}],"collection":[{"href":"https:\/\/adelaine.de\/index.php\/wp-json\/wp\/v2\/pages"}],"about":[{"href":"https:\/\/adelaine.de\/index.php\/wp-json\/wp\/v2\/types\/page"}],"author":[{"embeddable":true,"href":"https:\/\/adelaine.de\/index.php\/wp-json\/wp\/v2\/users\/1"}],"replies":[{"embeddable":true,"href":"https:\/\/adelaine.de\/index.php\/wp-json\/wp\/v2\/comments?post=16"}],"version-history":[{"count":6,"href":"https:\/\/adelaine.de\/index.php\/wp-json\/wp\/v2\/pages\/16\/revisions"}],"predecessor-version":[{"id":52,"href":"https:\/\/adelaine.de\/index.php\/wp-json\/wp\/v2\/pages\/16\/revisions\/52"}],"wp:attachment":[{"href":"https:\/\/adelaine.de\/index.php\/wp-json\/wp\/v2\/media?parent=16"}],"curies":[{"name":"wp","href":"https:\/\/api.w.org\/{rel}","templated":true}]}}